{"id":530,"date":"2019-07-22T08:29:51","date_gmt":"2019-07-22T08:29:51","guid":{"rendered":"https:\/\/karapici-associates.com\/index.php\/renewals\/"},"modified":"2021-06-28T08:17:45","modified_gmt":"2021-06-28T08:17:45","slug":"anuitetet","status":"publish","type":"page","link":"https:\/\/karapici-associates.com\/index.php\/anuitetet\/?lang=sq","title":{"rendered":"ANUITETET"},"content":{"rendered":"<div class=\"wpb-content-wrapper\"><p>[vc_row][vc_column width=&#8221;1\/2&#8243;][vc_single_image image=&#8221;119&#8243; img_size=&#8221;full&#8221; alignment=&#8221;center&#8221; style=&#8221;vc_box_shadow_border&#8221; image_hovers=&#8221;false&#8221;][\/vc_column][vc_column width=&#8221;1\/2&#8243;][vc_empty_space height=&#8221;72px&#8221;][vc_custom_heading text=&#8221;Nj\u00eb ekspertiz\u00eb e ve\u00e7ant\u00eb ofrohet p\u00ebr procedurat e rinovimit. Departamenti i Rinovimeve monitoron datat e rip\u00ebrt\u00ebritjes dhe kryen pagesat e tarifave p\u00ebr t\u00eb gjitha patentat, modelet e perdorimit, dizenjot industrial dhe markat tregtare. Ne p\u00ebrdorim sistemin ton\u00eb t\u00eb monitorimit duke shmangur mbarimin e afateve te cilat kane kosto nese tejkalohen.&#8221; font_container=&#8221;tag:p|font_size:20|text_align:justify|color:%23333333&#8243; google_fonts=&#8221;font_family:Roboto%3A100%2C100italic%2C300%2C300italic%2Cregular%2Citalic%2C500%2C500italic%2C700%2C700italic%2C900%2C900italic|font_style:400%20regular%3A400%3Anormal&#8221;][\/vc_column][\/vc_row]<\/p>\n<\/div>","protected":false},"excerpt":{"rendered":"<p>[vc_row][vc_column width=&#8221;1\/2&#8243;][vc_single_image image=&#8221;119&#8243; img_size=&#8221;full&#8221; alignment=&#8221;center&#8221; style=&#8221;vc_box_shadow_border&#8221; image_hovers=&#8221;false&#8221;][\/vc_column][vc_column width=&#8221;1\/2&#8243;][vc_empty_space height=&#8221;72px&#8221;][vc_custom_heading text=&#8221;Nj\u00eb ekspertiz\u00eb e ve\u00e7ant\u00eb ofrohet p\u00ebr procedurat e rinovimit. Departamenti i Rinovimeve monitoron datat e rip\u00ebrt\u00ebritjes dhe kryen pagesat e tarifave p\u00ebr t\u00eb gjitha patentat, modelet e perdorimit, dizenjot industrial dhe markat tregtare. Ne p\u00ebrdorim sistemin ton\u00eb t\u00eb monitorimit duke shmangur mbarimin e afateve te cilat&hellip;<\/p>\n","protected":false},"author":3,"featured_media":0,"parent":0,"menu_order":0,"comment_status":"closed","ping_status":"closed","template":"","meta":{"footnotes":""},"class_list":["post-530","page","type-page","status-publish","hentry","description-off"],"_links":{"self":[{"href":"https:\/\/karapici-associates.com\/index.php\/wp-json\/wp\/v2\/pages\/530","targetHints":{"allow":["GET"]}}],"collection":[{"href":"https:\/\/karapici-associates.com\/index.php\/wp-json\/wp\/v2\/pages"}],"about":[{"href":"https:\/\/karapici-associates.com\/index.php\/wp-json\/wp\/v2\/types\/page"}],"author":[{"embeddable":true,"href":"https:\/\/karapici-associates.com\/index.php\/wp-json\/wp\/v2\/users\/3"}],"replies":[{"embeddable":true,"href":"https:\/\/karapici-associates.com\/index.php\/wp-json\/wp\/v2\/comments?post=530"}],"version-history":[{"count":4,"href":"https:\/\/karapici-associates.com\/index.php\/wp-json\/wp\/v2\/pages\/530\/revisions"}],"predecessor-version":[{"id":665,"href":"https:\/\/karapici-associates.com\/index.php\/wp-json\/wp\/v2\/pages\/530\/revisions\/665"}],"wp:attachment":[{"href":"https:\/\/karapici-associates.com\/index.php\/wp-json\/wp\/v2\/media?parent=530"}],"curies":[{"name":"wp","href":"https:\/\/api.w.org\/{rel}","templated":true}]}}