{"id":538,"date":"2019-07-22T08:26:33","date_gmt":"2019-07-22T08:26:33","guid":{"rendered":"https:\/\/karapici-associates.com\/index.php\/topography-of-integrated-circuits\/"},"modified":"2021-05-25T09:35:23","modified_gmt":"2021-05-25T09:35:23","slug":"topografia-e-qarqeve-te-integruar","status":"publish","type":"page","link":"https:\/\/karapici-associates.com\/index.php\/topografia-e-qarqeve-te-integruar\/?lang=sq","title":{"rendered":"TOPOGRAFIA E QARQEVE T\u00cb INTEGRUAR"},"content":{"rendered":"<div class=\"wpb-content-wrapper\"><p>[vc_row][vc_column width=&#8221;1\/2&#8243;][vc_single_image image=&#8221;117&#8243; img_size=&#8221;600&#215;400&#8243; alignment=&#8221;center&#8221; style=&#8221;vc_box_shadow_border&#8221; image_hovers=&#8221;false&#8221;][\/vc_column][vc_column width=&#8221;1\/2&#8243;][vc_empty_space height=&#8221;22px&#8221;][vc_empty_space height=&#8221;22px&#8221;][vc_empty_space height=&#8221;22px&#8221;][vc_custom_heading text=&#8221;Ne mbulojm\u00eb procedur\u00ebn e regjistrimit t\u00eb topografis\u00eb s\u00eb qarqeve t\u00eb integruara.&#8221; font_container=&#8221;tag:p|font_size:22|text_align:left|color:%23333333&#8243; google_fonts=&#8221;font_family:Roboto%3A100%2C100italic%2C300%2C300italic%2Cregular%2Citalic%2C500%2C500italic%2C700%2C700italic%2C900%2C900italic|font_style:400%20regular%3A400%3Anormal&#8221;][vc_empty_space height=&#8221;22px&#8221;][\/vc_column][\/vc_row]<\/p>\n<\/div>","protected":false},"excerpt":{"rendered":"<p>[vc_row][vc_column width=&#8221;1\/2&#8243;][vc_single_image image=&#8221;117&#8243; img_size=&#8221;600&#215;400&#8243; alignment=&#8221;center&#8221; style=&#8221;vc_box_shadow_border&#8221; image_hovers=&#8221;false&#8221;][\/vc_column][vc_column width=&#8221;1\/2&#8243;][vc_empty_space height=&#8221;22px&#8221;][vc_empty_space height=&#8221;22px&#8221;][vc_empty_space height=&#8221;22px&#8221;][vc_custom_heading text=&#8221;Ne mbulojm\u00eb procedur\u00ebn e regjistrimit t\u00eb topografis\u00eb s\u00eb qarqeve t\u00eb integruara.&#8221; font_container=&#8221;tag:p|font_size:22|text_align:left|color:%23333333&#8243; google_fonts=&#8221;font_family:Roboto%3A100%2C100italic%2C300%2C300italic%2Cregular%2Citalic%2C500%2C500italic%2C700%2C700italic%2C900%2C900italic|font_style:400%20regular%3A400%3Anormal&#8221;][vc_empty_space height=&#8221;22px&#8221;][\/vc_column][\/vc_row]<\/p>\n","protected":false},"author":3,"featured_media":0,"parent":0,"menu_order":0,"comment_status":"closed","ping_status":"closed","template":"","meta":{"footnotes":""},"class_list":["post-538","page","type-page","status-publish","hentry","description-off"],"_links":{"self":[{"href":"https:\/\/karapici-associates.com\/index.php\/wp-json\/wp\/v2\/pages\/538","targetHints":{"allow":["GET"]}}],"collection":[{"href":"https:\/\/karapici-associates.com\/index.php\/wp-json\/wp\/v2\/pages"}],"about":[{"href":"https:\/\/karapici-associates.com\/index.php\/wp-json\/wp\/v2\/types\/page"}],"author":[{"embeddable":true,"href":"https:\/\/karapici-associates.com\/index.php\/wp-json\/wp\/v2\/users\/3"}],"replies":[{"embeddable":true,"href":"https:\/\/karapici-associates.com\/index.php\/wp-json\/wp\/v2\/comments?post=538"}],"version-history":[{"count":2,"href":"https:\/\/karapici-associates.com\/index.php\/wp-json\/wp\/v2\/pages\/538\/revisions"}],"predecessor-version":[{"id":541,"href":"https:\/\/karapici-associates.com\/index.php\/wp-json\/wp\/v2\/pages\/538\/revisions\/541"}],"wp:attachment":[{"href":"https:\/\/karapici-associates.com\/index.php\/wp-json\/wp\/v2\/media?parent=538"}],"curies":[{"name":"wp","href":"https:\/\/api.w.org\/{rel}","templated":true}]}}