{"id":561,"date":"2019-07-22T09:16:25","date_gmt":"2019-07-22T09:16:25","guid":{"rendered":"https:\/\/karapici-associates.com\/index.php\/litigation\/"},"modified":"2021-06-28T08:21:06","modified_gmt":"2021-06-28T08:21:06","slug":"procese-gjyqesore","status":"publish","type":"page","link":"https:\/\/karapici-associates.com\/index.php\/procese-gjyqesore\/?lang=sq","title":{"rendered":"PROCESE GJYQ\u00cbSORE"},"content":{"rendered":"<div class=\"wpb-content-wrapper\"><p>[vc_row][vc_column width=&#8221;1\/2&#8243;][vc_single_image image=&#8221;122&#8243; img_size=&#8221;full&#8221; alignment=&#8221;center&#8221; style=&#8221;vc_box_shadow_border&#8221; image_hovers=&#8221;false&#8221;][\/vc_column][vc_column width=&#8221;1\/2&#8243;][vc_empty_space height=&#8221;50&#8243;][vc_custom_heading text=&#8221;Zyra ka nj\u00eb p\u00ebrvoj\u00eb t\u00eb gjate n\u00eb \u00e7\u00ebshtjet gjyq\u00ebsore te lidhura me pronesine intelektuale. Ne mundesojme perfaqesimin e klienteve ne te gjitha shkallet e gjyqesorit si dhe pergatitja e dosjes per aplikime ne rast shkeljeje te te drejtave te IP ne Drejtorine e Pergjitheshme te Doganave.&#8221; font_container=&#8221;tag:p|font_size:20|text_align:left|color:%23333333&#8243; google_fonts=&#8221;font_family:Roboto%3A100%2C100italic%2C300%2C300italic%2Cregular%2Citalic%2C500%2C500italic%2C700%2C700italic%2C900%2C900italic|font_style:400%20regular%3A400%3Anormal&#8221;][\/vc_column][\/vc_row]<\/p>\n<\/div>","protected":false},"excerpt":{"rendered":"<p>[vc_row][vc_column width=&#8221;1\/2&#8243;][vc_single_image image=&#8221;122&#8243; img_size=&#8221;full&#8221; alignment=&#8221;center&#8221; style=&#8221;vc_box_shadow_border&#8221; image_hovers=&#8221;false&#8221;][\/vc_column][vc_column width=&#8221;1\/2&#8243;][vc_empty_space height=&#8221;50&#8243;][vc_custom_heading text=&#8221;Zyra ka nj\u00eb p\u00ebrvoj\u00eb t\u00eb gjate n\u00eb \u00e7\u00ebshtjet gjyq\u00ebsore te lidhura me pronesine intelektuale. Ne mundesojme perfaqesimin e klienteve ne te gjitha shkallet e gjyqesorit si dhe pergatitja e dosjes per aplikime ne rast shkeljeje te te drejtave te IP ne Drejtorine e Pergjitheshme te Doganave.&#8221;&hellip;<\/p>\n","protected":false},"author":3,"featured_media":0,"parent":0,"menu_order":0,"comment_status":"closed","ping_status":"closed","template":"","meta":{"footnotes":""},"class_list":["post-561","page","type-page","status-publish","hentry","description-off"],"_links":{"self":[{"href":"https:\/\/karapici-associates.com\/index.php\/wp-json\/wp\/v2\/pages\/561","targetHints":{"allow":["GET"]}}],"collection":[{"href":"https:\/\/karapici-associates.com\/index.php\/wp-json\/wp\/v2\/pages"}],"about":[{"href":"https:\/\/karapici-associates.com\/index.php\/wp-json\/wp\/v2\/types\/page"}],"author":[{"embeddable":true,"href":"https:\/\/karapici-associates.com\/index.php\/wp-json\/wp\/v2\/users\/3"}],"replies":[{"embeddable":true,"href":"https:\/\/karapici-associates.com\/index.php\/wp-json\/wp\/v2\/comments?post=561"}],"version-history":[{"count":4,"href":"https:\/\/karapici-associates.com\/index.php\/wp-json\/wp\/v2\/pages\/561\/revisions"}],"predecessor-version":[{"id":668,"href":"https:\/\/karapici-associates.com\/index.php\/wp-json\/wp\/v2\/pages\/561\/revisions\/668"}],"wp:attachment":[{"href":"https:\/\/karapici-associates.com\/index.php\/wp-json\/wp\/v2\/media?parent=561"}],"curies":[{"name":"wp","href":"https:\/\/api.w.org\/{rel}","templated":true}]}}